{"id":1647,"date":"2026-02-21T18:01:20","date_gmt":"2026-02-21T18:01:20","guid":{"rendered":"https:\/\/novisajt.surfmont.com\/hemija\/?post_type=product&#038;p=1647"},"modified":"2026-03-27T08:58:52","modified_gmt":"2026-03-27T08:58:52","slug":"tork-premium-soft-ubrus-u-listu-z-h2-2-sloja-24x21-3cm-150x213150-listica","status":"publish","type":"product","link":"https:\/\/novisajt.surfmont.com\/hemija\/product\/tork-premium-soft-ubrus-u-listu-z-h2-2-sloja-24x21-3cm-150x213150-listica\/","title":{"rendered":"Tork Premium Soft ubrus u listu Z, H2, 2 sloja, 24&#215;21.3cm, 150&#215;21=3150 listi\u0107a"},"content":{"rendered":"","protected":false},"excerpt":{"rendered":"<p style=\"text-align: center;\">Tork Premium Soft Z ubrus u listu H2, 2 sloja, 3.150 listi\u0107a<br \/>\nPapirni ubrus u listi\u0107ima predstavlja najkvalitetniju dopunu H2 sistema. Visoka mo\u0107 upijanja, mekan i dovoljno jak, ostavi\u0107e impresivan ose\u0107aj prilikom kori\u0161\u0107enja. Smanjuje potro\u0161nju prilikom kori\u0161\u010denja i povla\u010denja listova.<br \/>\nDimenzija listi\u0107a: 24&#215;21.3cm<br \/>\nBroj listi\u0107a u buntu: 150<br \/>\nPakovanje: 21\/1<br \/>\nBoja: bijela<\/p>\n<p style=\"text-align: center;\">\n","protected":false},"featured_media":1648,"template":"","meta":[],"product_brand":[34],"product_cat":[21],"product_tag":[61],"class_list":{"0":"post-1647","1":"product","2":"type-product","3":"status-publish","4":"has-post-thumbnail","6":"product_brand-tork","7":"product_cat-papirna-konfekcija","8":"product_tag-ubrus","10":"first","11":"instock","12":"shipping-taxable","13":"product-type-simple"},"_links":{"self":[{"href":"https:\/\/novisajt.surfmont.com\/hemija\/wp-json\/wp\/v2\/product\/1647","targetHints":{"allow":["GET"]}}],"collection":[{"href":"https:\/\/novisajt.surfmont.com\/hemija\/wp-json\/wp\/v2\/product"}],"about":[{"href":"https:\/\/novisajt.surfmont.com\/hemija\/wp-json\/wp\/v2\/types\/product"}],"wp:featuredmedia":[{"embeddable":true,"href":"https:\/\/novisajt.surfmont.com\/hemija\/wp-json\/wp\/v2\/media\/1648"}],"wp:attachment":[{"href":"https:\/\/novisajt.surfmont.com\/hemija\/wp-json\/wp\/v2\/media?parent=1647"}],"wp:term":[{"taxonomy":"product_brand","embeddable":true,"href":"https:\/\/novisajt.surfmont.com\/hemija\/wp-json\/wp\/v2\/product_brand?post=1647"},{"taxonomy":"product_cat","embeddable":true,"href":"https:\/\/novisajt.surfmont.com\/hemija\/wp-json\/wp\/v2\/product_cat?post=1647"},{"taxonomy":"product_tag","embeddable":true,"href":"https:\/\/novisajt.surfmont.com\/hemija\/wp-json\/wp\/v2\/product_tag?post=1647"}],"curies":[{"name":"wp","href":"https:\/\/api.w.org\/{rel}","templated":true}]}}