{"id":1675,"date":"2026-02-21T18:44:32","date_gmt":"2026-02-21T18:44:32","guid":{"rendered":"https:\/\/novisajt.surfmont.com\/hemija\/?post_type=product&#038;p=1675"},"modified":"2026-03-27T09:23:47","modified_gmt":"2026-03-27T09:23:47","slug":"tork-advanced-ubrus-u-listu-z-h2-2-sloja-21-3cm-x24-cm-21x1803780-listica","status":"publish","type":"product","link":"https:\/\/novisajt.surfmont.com\/hemija\/product\/tork-advanced-ubrus-u-listu-z-h2-2-sloja-21-3cm-x24-cm-21x1803780-listica\/","title":{"rendered":"Tork Advanced ubrus u listu Z, H2, 2 sloja, 21.3cm x24 cm, 21&#215;180=3780 listi\u0107a"},"content":{"rendered":"","protected":false},"excerpt":{"rendered":"<p style=\"text-align: center;\">Tork slo\u017eivi Z ubrus u listu H2, 2 sloja, 3.780 listi\u0107a<br \/>\nEfikasno su\u0161i ruke nakon pranja. \u010cini ko\u017eu nje\u017enom i mekanom. Obezbje\u0111uje visok nivo higijene, bez rizika od unakrsne kontaminacije.<br \/>\nDimenzija lista: 21,3&#215;24 cm<br \/>\nBroj listi\u0107a u buntu: 180<br \/>\nPakovanje: 21\/1<br \/>\nBoja: bijela<br \/>\nProizvod posjeduje FSC sertifikat.<\/p>\n","protected":false},"featured_media":1680,"template":"","meta":[],"product_brand":[34],"product_cat":[21],"product_tag":[61],"class_list":{"0":"post-1675","1":"product","2":"type-product","3":"status-publish","4":"has-post-thumbnail","6":"product_brand-tork","7":"product_cat-papirna-konfekcija","8":"product_tag-ubrus","10":"first","11":"instock","12":"shipping-taxable","13":"product-type-simple"},"_links":{"self":[{"href":"https:\/\/novisajt.surfmont.com\/hemija\/wp-json\/wp\/v2\/product\/1675","targetHints":{"allow":["GET"]}}],"collection":[{"href":"https:\/\/novisajt.surfmont.com\/hemija\/wp-json\/wp\/v2\/product"}],"about":[{"href":"https:\/\/novisajt.surfmont.com\/hemija\/wp-json\/wp\/v2\/types\/product"}],"wp:featuredmedia":[{"embeddable":true,"href":"https:\/\/novisajt.surfmont.com\/hemija\/wp-json\/wp\/v2\/media\/1680"}],"wp:attachment":[{"href":"https:\/\/novisajt.surfmont.com\/hemija\/wp-json\/wp\/v2\/media?parent=1675"}],"wp:term":[{"taxonomy":"product_brand","embeddable":true,"href":"https:\/\/novisajt.surfmont.com\/hemija\/wp-json\/wp\/v2\/product_brand?post=1675"},{"taxonomy":"product_cat","embeddable":true,"href":"https:\/\/novisajt.surfmont.com\/hemija\/wp-json\/wp\/v2\/product_cat?post=1675"},{"taxonomy":"product_tag","embeddable":true,"href":"https:\/\/novisajt.surfmont.com\/hemija\/wp-json\/wp\/v2\/product_tag?post=1675"}],"curies":[{"name":"wp","href":"https:\/\/api.w.org\/{rel}","templated":true}]}}