{"id":1731,"date":"2026-02-21T19:11:07","date_gmt":"2026-02-21T19:11:07","guid":{"rendered":"https:\/\/novisajt.surfmont.com\/hemija\/?post_type=product&#038;p=1731"},"modified":"2026-03-29T11:04:58","modified_gmt":"2026-03-29T11:04:58","slug":"tork-ubrus-u-rolni-autocut-h1-2-sloja-150m-6-1","status":"publish","type":"product","link":"https:\/\/novisajt.surfmont.com\/hemija\/product\/tork-ubrus-u-rolni-autocut-h1-2-sloja-150m-6-1\/","title":{"rendered":"Tork ubrus u rolni autocut H1, 2 sloja, 150m, 6\/1"},"content":{"rendered":"","protected":false},"excerpt":{"rendered":"<p style=\"text-align: center;\">Ute\u0161ite svoje goste uz napredne Tork Matic\u00ae meke rolne ubrusa za ruke. Idealne za su\u0161enje ruku sa utisnutim sivim dekorom listova. Rolne su pogodne za Tork Matic\u00ae dispenzer za rolne ubrusa za ruke, razvijen za lako odr\u017eavanje u toaletima sa velikim prometom. \u0160tedi vreme i kontroli\u0161e potro\u0161nju doziranjem jednog po jednog lista.<\/p>\n<p style=\"text-align: center;\">Veliki, mekani ubrus za ruke sa visokim kvalitetom koji ostavlja trajan utisak<\/p>\n<p style=\"text-align: center;\">Dugotrajne rolne minimiziraju tro\u0161kove odr\u017eavanja, a istovremeno maksimiziraju uslugu.<\/p>\n","protected":false},"featured_media":1736,"template":"","meta":[],"product_brand":[34],"product_cat":[21],"product_tag":[59],"class_list":{"0":"post-1731","1":"product","2":"type-product","3":"status-publish","4":"has-post-thumbnail","6":"product_brand-tork","7":"product_cat-papirna-konfekcija","8":"product_tag-dispanzeri","10":"first","11":"instock","12":"shipping-taxable","13":"product-type-simple"},"_links":{"self":[{"href":"https:\/\/novisajt.surfmont.com\/hemija\/wp-json\/wp\/v2\/product\/1731","targetHints":{"allow":["GET"]}}],"collection":[{"href":"https:\/\/novisajt.surfmont.com\/hemija\/wp-json\/wp\/v2\/product"}],"about":[{"href":"https:\/\/novisajt.surfmont.com\/hemija\/wp-json\/wp\/v2\/types\/product"}],"wp:featuredmedia":[{"embeddable":true,"href":"https:\/\/novisajt.surfmont.com\/hemija\/wp-json\/wp\/v2\/media\/1736"}],"wp:attachment":[{"href":"https:\/\/novisajt.surfmont.com\/hemija\/wp-json\/wp\/v2\/media?parent=1731"}],"wp:term":[{"taxonomy":"product_brand","embeddable":true,"href":"https:\/\/novisajt.surfmont.com\/hemija\/wp-json\/wp\/v2\/product_brand?post=1731"},{"taxonomy":"product_cat","embeddable":true,"href":"https:\/\/novisajt.surfmont.com\/hemija\/wp-json\/wp\/v2\/product_cat?post=1731"},{"taxonomy":"product_tag","embeddable":true,"href":"https:\/\/novisajt.surfmont.com\/hemija\/wp-json\/wp\/v2\/product_tag?post=1731"}],"curies":[{"name":"wp","href":"https:\/\/api.w.org\/{rel}","templated":true}]}}