{"id":1807,"date":"2026-02-21T20:15:40","date_gmt":"2026-02-21T20:15:40","guid":{"rendered":"https:\/\/novisajt.surfmont.com\/hemija\/?post_type=product&#038;p=1807"},"modified":"2026-04-06T12:07:38","modified_gmt":"2026-04-06T12:07:38","slug":"tork-sapun-za-ruke-u-pjeni-sa-losionom-s34-od-800ml","status":"publish","type":"product","link":"https:\/\/novisajt.surfmont.com\/hemija\/product\/tork-sapun-za-ruke-u-pjeni-sa-losionom-s34-od-800ml\/","title":{"rendered":"Tork sapun za ruke u pjeni sa losionom S34 od 800ml"},"content":{"rendered":"","protected":false},"excerpt":{"rendered":"<p style=\"text-align: center;\">Tork sapun za ruke u pjeni sa losionom S34 od 800ml<br \/>\nLuksuzna pjena za pranje ruku, prijatnog i osvje\u017eavaju\u0107eg mirisa. Njeguje ko\u017eu ruku, \u010dine\u0107i je hidriranom i mekom. Idealna za upotrebu u hotelima i restoranima. 800 ml sredstva sadr\u017ei 2666 doza za pranje.<br \/>\nUputstvo za upotrebu: Dozirajte sredstvo na vla\u017ene ruke. Protrljajte. Isperite \u010distom vodom. Osu\u0161ite ruke papirnim ubrusom.<br \/>\nPH vrijednost: 4.5- 6.5<\/p>\n","protected":false},"featured_media":3513,"template":"","meta":[],"product_brand":[34],"product_cat":[21],"product_tag":[67],"class_list":{"0":"post-1807","1":"product","2":"type-product","3":"status-publish","4":"has-post-thumbnail","6":"product_brand-tork","7":"product_cat-papirna-konfekcija","8":"product_tag-sapun-u-pjeni","10":"first","11":"instock","12":"shipping-taxable","13":"product-type-simple"},"_links":{"self":[{"href":"https:\/\/novisajt.surfmont.com\/hemija\/wp-json\/wp\/v2\/product\/1807","targetHints":{"allow":["GET"]}}],"collection":[{"href":"https:\/\/novisajt.surfmont.com\/hemija\/wp-json\/wp\/v2\/product"}],"about":[{"href":"https:\/\/novisajt.surfmont.com\/hemija\/wp-json\/wp\/v2\/types\/product"}],"wp:featuredmedia":[{"embeddable":true,"href":"https:\/\/novisajt.surfmont.com\/hemija\/wp-json\/wp\/v2\/media\/3513"}],"wp:attachment":[{"href":"https:\/\/novisajt.surfmont.com\/hemija\/wp-json\/wp\/v2\/media?parent=1807"}],"wp:term":[{"taxonomy":"product_brand","embeddable":true,"href":"https:\/\/novisajt.surfmont.com\/hemija\/wp-json\/wp\/v2\/product_brand?post=1807"},{"taxonomy":"product_cat","embeddable":true,"href":"https:\/\/novisajt.surfmont.com\/hemija\/wp-json\/wp\/v2\/product_cat?post=1807"},{"taxonomy":"product_tag","embeddable":true,"href":"https:\/\/novisajt.surfmont.com\/hemija\/wp-json\/wp\/v2\/product_tag?post=1807"}],"curies":[{"name":"wp","href":"https:\/\/api.w.org\/{rel}","templated":true}]}}