{"id":2281,"date":"2026-02-28T14:41:10","date_gmt":"2026-02-28T14:41:10","guid":{"rendered":"https:\/\/novisajt.surfmont.com\/hemija\/?post_type=product&#038;p=2281"},"modified":"2026-04-15T20:50:40","modified_gmt":"2026-04-15T20:50:40","slug":"oasis-pro-white-cotton-2l-neutralizator-neprijatnih-mirisa","status":"publish","type":"product","link":"https:\/\/novisajt.surfmont.com\/hemija\/product\/oasis-pro-white-cotton-2l-neutralizator-neprijatnih-mirisa\/","title":{"rendered":"OASIS Pro white cotton 2l &#8211; neutralizator neprijatnih mirisa"},"content":{"rendered":"","protected":false},"excerpt":{"rendered":"<p>OASIS Pro white cotton 2l-neutralizator neprijatnih mirisa<br \/>\nVisokoefikasno sredstvo sa dugotrajnim dejstvom za neutralizaciju neprijatnih mirisa u prostorijama i tekstila koji ostavlja svje\u017e utisak. Znatno pobolj\u0161ava kvalitet vazduha u sobi i ostavlja utisak \u010disto\u0107e. Pogodan za osvje\u017eavanje tekstila kao \u0161to su kau\u010devi i zavjesi. Ostavlja dugotrajan efekat.<br \/>\nUputstvo za upotrebu: Pripremite radni rastvor u koncentraciji 3-8%.  Naprskajte sredstvo na tekstil sa udaljenosti od 30 cm. U skladu sa veli\u010dinom sobe, naprskajte jednom ili dva puta, kako bi se razvio prijatan miris.<\/p>\n","protected":false},"featured_media":2251,"template":"","meta":[],"product_brand":[38],"product_cat":[22],"product_tag":[51],"class_list":{"0":"post-2281","1":"product","2":"type-product","3":"status-publish","4":"has-post-thumbnail","6":"product_brand-ecolab","7":"product_cat-profesionalna-hemija","8":"product_tag-soba","10":"first","11":"instock","12":"shipping-taxable","13":"product-type-simple"},"_links":{"self":[{"href":"https:\/\/novisajt.surfmont.com\/hemija\/wp-json\/wp\/v2\/product\/2281","targetHints":{"allow":["GET"]}}],"collection":[{"href":"https:\/\/novisajt.surfmont.com\/hemija\/wp-json\/wp\/v2\/product"}],"about":[{"href":"https:\/\/novisajt.surfmont.com\/hemija\/wp-json\/wp\/v2\/types\/product"}],"wp:featuredmedia":[{"embeddable":true,"href":"https:\/\/novisajt.surfmont.com\/hemija\/wp-json\/wp\/v2\/media\/2251"}],"wp:attachment":[{"href":"https:\/\/novisajt.surfmont.com\/hemija\/wp-json\/wp\/v2\/media?parent=2281"}],"wp:term":[{"taxonomy":"product_brand","embeddable":true,"href":"https:\/\/novisajt.surfmont.com\/hemija\/wp-json\/wp\/v2\/product_brand?post=2281"},{"taxonomy":"product_cat","embeddable":true,"href":"https:\/\/novisajt.surfmont.com\/hemija\/wp-json\/wp\/v2\/product_cat?post=2281"},{"taxonomy":"product_tag","embeddable":true,"href":"https:\/\/novisajt.surfmont.com\/hemija\/wp-json\/wp\/v2\/product_tag?post=2281"}],"curies":[{"name":"wp","href":"https:\/\/api.w.org\/{rel}","templated":true}]}}