{"id":2981,"date":"2026-03-17T20:42:27","date_gmt":"2026-03-17T20:42:27","guid":{"rendered":"https:\/\/novisajt.surfmont.com\/hemija\/?post_type=product&#038;p=2981"},"modified":"2026-03-17T20:42:27","modified_gmt":"2026-03-17T20:42:27","slug":"kristal-750ml-sredstvo-za-ciscenje-stakla","status":"publish","type":"product","link":"https:\/\/novisajt.surfmont.com\/hemija\/product\/kristal-750ml-sredstvo-za-ciscenje-stakla\/","title":{"rendered":"Kristal 750ml &#8211; sredstvo za \u010di\u0161\u0107enje stakla"},"content":{"rendered":"","protected":false},"excerpt":{"rendered":"","protected":false},"featured_media":2982,"template":"","meta":[],"product_brand":[39],"product_cat":[22],"product_tag":[],"class_list":{"0":"post-2981","1":"product","2":"type-product","3":"status-publish","4":"has-post-thumbnail","6":"product_brand-irbis","7":"product_cat-profesionalna-hemija","9":"first","10":"instock","11":"shipping-taxable","12":"product-type-simple"},"_links":{"self":[{"href":"https:\/\/novisajt.surfmont.com\/hemija\/wp-json\/wp\/v2\/product\/2981","targetHints":{"allow":["GET"]}}],"collection":[{"href":"https:\/\/novisajt.surfmont.com\/hemija\/wp-json\/wp\/v2\/product"}],"about":[{"href":"https:\/\/novisajt.surfmont.com\/hemija\/wp-json\/wp\/v2\/types\/product"}],"wp:featuredmedia":[{"embeddable":true,"href":"https:\/\/novisajt.surfmont.com\/hemija\/wp-json\/wp\/v2\/media\/2982"}],"wp:attachment":[{"href":"https:\/\/novisajt.surfmont.com\/hemija\/wp-json\/wp\/v2\/media?parent=2981"}],"wp:term":[{"taxonomy":"product_brand","embeddable":true,"href":"https:\/\/novisajt.surfmont.com\/hemija\/wp-json\/wp\/v2\/product_brand?post=2981"},{"taxonomy":"product_cat","embeddable":true,"href":"https:\/\/novisajt.surfmont.com\/hemija\/wp-json\/wp\/v2\/product_cat?post=2981"},{"taxonomy":"product_tag","embeddable":true,"href":"https:\/\/novisajt.surfmont.com\/hemija\/wp-json\/wp\/v2\/product_tag?post=2981"}],"curies":[{"name":"wp","href":"https:\/\/api.w.org\/{rel}","templated":true}]}}