{"id":3213,"date":"2026-03-20T13:40:30","date_gmt":"2026-03-20T13:40:30","guid":{"rendered":"https:\/\/novisajt.surfmont.com\/hemija\/product\/tork-matic-autocut-inox-senzorski-dispenzer-za-ubruse-u-rolni-h1-punjenje-290067-i-120059-siva\/"},"modified":"2026-04-07T13:12:27","modified_gmt":"2026-04-07T13:12:27","slug":"tork-matic-autocut-inox-senzorski-dispenzer-za-ubruse-u-rolni-h1-siva","status":"publish","type":"product","link":"https:\/\/novisajt.surfmont.com\/hemija\/product\/tork-matic-autocut-inox-senzorski-dispenzer-za-ubruse-u-rolni-h1-siva\/","title":{"rendered":"Tork Matic autocut inox senzorski dispenzer za ubruse u rolni H1 &#8211; siva"},"content":{"rendered":"","protected":false},"excerpt":{"rendered":"<p style=\"text-align: center;\">Tork dispenzer ubrus u rolni H1 senzorski<br \/>\nModeran i funkcionalan dizajn koji se uklapa u kupatila razli\u010ditih veli\u010dina i ostavlja prijatan utisak na goste. Senzorski sistem obezbje\u0111uje kontrolisanu potro\u0161nju i visok stepen higijene. Mogu\u0107nost odabira du\u017eine lista koji \u017eelimo koristiti. Posjeduje LED indikator koji pokazuje kad je potrebno ponovno punjenje.<br \/>\nDimenzije: 373x345x204 mm<br \/>\nBoja: siva<br \/>\nMaterijal: inox<\/p>\n","protected":false},"featured_media":3358,"template":"","meta":[],"product_brand":[34],"product_cat":[21],"product_tag":[59,54,78],"class_list":{"0":"post-3213","1":"product","2":"type-product","3":"status-publish","4":"has-post-thumbnail","6":"product_brand-tork","7":"product_cat-papirna-konfekcija","8":"product_tag-dispanzeri","9":"product_tag-dispenzeri-za-ubruse","10":"product_tag-inox","12":"first","13":"instock","14":"product-type-simple"},"_links":{"self":[{"href":"https:\/\/novisajt.surfmont.com\/hemija\/wp-json\/wp\/v2\/product\/3213","targetHints":{"allow":["GET"]}}],"collection":[{"href":"https:\/\/novisajt.surfmont.com\/hemija\/wp-json\/wp\/v2\/product"}],"about":[{"href":"https:\/\/novisajt.surfmont.com\/hemija\/wp-json\/wp\/v2\/types\/product"}],"wp:featuredmedia":[{"embeddable":true,"href":"https:\/\/novisajt.surfmont.com\/hemija\/wp-json\/wp\/v2\/media\/3358"}],"wp:attachment":[{"href":"https:\/\/novisajt.surfmont.com\/hemija\/wp-json\/wp\/v2\/media?parent=3213"}],"wp:term":[{"taxonomy":"product_brand","embeddable":true,"href":"https:\/\/novisajt.surfmont.com\/hemija\/wp-json\/wp\/v2\/product_brand?post=3213"},{"taxonomy":"product_cat","embeddable":true,"href":"https:\/\/novisajt.surfmont.com\/hemija\/wp-json\/wp\/v2\/product_cat?post=3213"},{"taxonomy":"product_tag","embeddable":true,"href":"https:\/\/novisajt.surfmont.com\/hemija\/wp-json\/wp\/v2\/product_tag?post=3213"}],"curies":[{"name":"wp","href":"https:\/\/api.w.org\/{rel}","templated":true}]}}