{"id":3218,"date":"2026-03-20T13:40:30","date_gmt":"2026-03-20T13:40:30","guid":{"rendered":"https:\/\/novisajt.surfmont.com\/hemija\/product\/tork-reflex-mini-dispenzer-ubrusa-na-centralno-izvlacenje-m3-punjenje-473246-bijeli\/"},"modified":"2026-03-29T14:09:11","modified_gmt":"2026-03-29T14:09:11","slug":"tork-reflex-mini-dispenzer-ubrusa-na-centralno-izvlacenje-m3-punjenje-473246-bijeli","status":"publish","type":"product","link":"https:\/\/novisajt.surfmont.com\/hemija\/product\/tork-reflex-mini-dispenzer-ubrusa-na-centralno-izvlacenje-m3-punjenje-473246-bijeli\/","title":{"rendered":"Tork Reflex mini dispenzer ubrusa na centralno izvla\u010denje M3 &#8211; bijeli"},"content":{"rendered":"","protected":false},"excerpt":{"rendered":"<p style=\"text-align: center;\">Tork Reflex mini dispenzer ubrusa za centralno izvla\u010denje M3 bijeli<br \/>\nDizajn koji \u0161tedi prostor, uklapa se u profesionalno okru\u017eenje bilo koje veli\u010dine. Izdavanjem pojedina\u010dnih listova, smanjuje se potro\u0161nja u odnosu na postoje\u0107e sisteme. Ne postoji rizik od unakrsne kontaminacije. Jednostavan za punjenje i odr\u017eavanje.<br \/>\nDimenzije :321x191x180<br \/>\nBoja: bijela<br \/>\nMaterijal: plastika<\/p>\n<p style=\"text-align: center;\">\n","protected":false},"featured_media":3378,"template":"","meta":[],"product_brand":[34],"product_cat":[21],"product_tag":[59,54],"class_list":{"0":"post-3218","1":"product","2":"type-product","3":"status-publish","4":"has-post-thumbnail","6":"product_brand-tork","7":"product_cat-papirna-konfekcija","8":"product_tag-dispanzeri","9":"product_tag-dispenzeri-za-ubruse","11":"first","12":"instock","13":"product-type-simple"},"_links":{"self":[{"href":"https:\/\/novisajt.surfmont.com\/hemija\/wp-json\/wp\/v2\/product\/3218","targetHints":{"allow":["GET"]}}],"collection":[{"href":"https:\/\/novisajt.surfmont.com\/hemija\/wp-json\/wp\/v2\/product"}],"about":[{"href":"https:\/\/novisajt.surfmont.com\/hemija\/wp-json\/wp\/v2\/types\/product"}],"wp:featuredmedia":[{"embeddable":true,"href":"https:\/\/novisajt.surfmont.com\/hemija\/wp-json\/wp\/v2\/media\/3378"}],"wp:attachment":[{"href":"https:\/\/novisajt.surfmont.com\/hemija\/wp-json\/wp\/v2\/media?parent=3218"}],"wp:term":[{"taxonomy":"product_brand","embeddable":true,"href":"https:\/\/novisajt.surfmont.com\/hemija\/wp-json\/wp\/v2\/product_brand?post=3218"},{"taxonomy":"product_cat","embeddable":true,"href":"https:\/\/novisajt.surfmont.com\/hemija\/wp-json\/wp\/v2\/product_cat?post=3218"},{"taxonomy":"product_tag","embeddable":true,"href":"https:\/\/novisajt.surfmont.com\/hemija\/wp-json\/wp\/v2\/product_tag?post=3218"}],"curies":[{"name":"wp","href":"https:\/\/api.w.org\/{rel}","templated":true}]}}