{"id":3221,"date":"2026-03-20T13:40:30","date_gmt":"2026-03-20T13:40:30","guid":{"rendered":"https:\/\/novisajt.surfmont.com\/hemija\/product\/tork-reflex-midi-dispenzer-ubrusa-na-centralno-izvlacenje-m4-punjenje-473242-bijeli\/"},"modified":"2026-03-29T14:04:15","modified_gmt":"2026-03-29T14:04:15","slug":"tork-reflex-midi-dispenzer-ubrusa-na-centralno-izvlacenje-m4-bijeli","status":"publish","type":"product","link":"https:\/\/novisajt.surfmont.com\/hemija\/product\/tork-reflex-midi-dispenzer-ubrusa-na-centralno-izvlacenje-m4-bijeli\/","title":{"rendered":"Tork Reflex midi dispenzer ubrusa na centralno izvla\u010denje M4 &#8211; bijeli"},"content":{"rendered":"","protected":false},"excerpt":{"rendered":"<p style=\"text-align: center;\">Tork Reflex midi dispenzer ubrusa za centralno izvla\u010denje M4 bijeli<br \/>\nHigijenski, izdr\u017eljiv sistem, lako se koristi i smanjuje potro\u0161nju u odnosu na postoje\u0107e sisteme.<br \/>\nDizajniran tako da se mo\u017ee uklopiti u razli\u010dite prostorije i okru\u017eenja.<br \/>\nDimenzije: 331x255x239mm<br \/>\nMaterijal: plastika<br \/>\nBoja: bijela<\/p>\n","protected":false},"featured_media":3535,"template":"","meta":[],"product_brand":[34],"product_cat":[21],"product_tag":[59,54],"class_list":{"0":"post-3221","1":"product","2":"type-product","3":"status-publish","4":"has-post-thumbnail","6":"product_brand-tork","7":"product_cat-papirna-konfekcija","8":"product_tag-dispanzeri","9":"product_tag-dispenzeri-za-ubruse","11":"first","12":"instock","13":"product-type-simple"},"_links":{"self":[{"href":"https:\/\/novisajt.surfmont.com\/hemija\/wp-json\/wp\/v2\/product\/3221","targetHints":{"allow":["GET"]}}],"collection":[{"href":"https:\/\/novisajt.surfmont.com\/hemija\/wp-json\/wp\/v2\/product"}],"about":[{"href":"https:\/\/novisajt.surfmont.com\/hemija\/wp-json\/wp\/v2\/types\/product"}],"wp:featuredmedia":[{"embeddable":true,"href":"https:\/\/novisajt.surfmont.com\/hemija\/wp-json\/wp\/v2\/media\/3535"}],"wp:attachment":[{"href":"https:\/\/novisajt.surfmont.com\/hemija\/wp-json\/wp\/v2\/media?parent=3221"}],"wp:term":[{"taxonomy":"product_brand","embeddable":true,"href":"https:\/\/novisajt.surfmont.com\/hemija\/wp-json\/wp\/v2\/product_brand?post=3221"},{"taxonomy":"product_cat","embeddable":true,"href":"https:\/\/novisajt.surfmont.com\/hemija\/wp-json\/wp\/v2\/product_cat?post=3221"},{"taxonomy":"product_tag","embeddable":true,"href":"https:\/\/novisajt.surfmont.com\/hemija\/wp-json\/wp\/v2\/product_tag?post=3221"}],"curies":[{"name":"wp","href":"https:\/\/api.w.org\/{rel}","templated":true}]}}