{"id":3228,"date":"2026-03-20T13:40:32","date_gmt":"2026-03-20T13:40:32","guid":{"rendered":"https:\/\/novisajt.surfmont.com\/hemija\/product\/tork-matic-autocut-senzorski-dispenzer-za-ubruse-u-rolni-h1-punjenje-290067-i-120059-crni\/"},"modified":"2026-04-07T12:42:48","modified_gmt":"2026-04-07T12:42:48","slug":"tork-matic-autocut-senzorski-dispenzer-za-ubruse-u-rolni-h1-punjenje-290067-i-120059-crni","status":"publish","type":"product","link":"https:\/\/novisajt.surfmont.com\/hemija\/product\/tork-matic-autocut-senzorski-dispenzer-za-ubruse-u-rolni-h1-punjenje-290067-i-120059-crni\/","title":{"rendered":"Tork Matic autocut senzorski dispenzer za ubruse u rolni H1 &#8211; crni"},"content":{"rendered":"","protected":false},"excerpt":{"rendered":"<p style=\"text-align: center;\">Tork Matic ( autocut ) senzorski dispenzer ubrusa u rolni H1<br \/>\nSenzorski dispenzer idealan za sanitarne prostorije velikog prometa. Omogu\u0107uje maksimalne higijenske uslove jer korisnik dodiruje samo list koji koristi. Mogu\u0107nost odabira du\u017eine lista koji \u017eelimo koristiti. Jednostavno i brzo punjenje.<br \/>\nDimenzije: 368x331x206mm<br \/>\nBoja: crna<br \/>\nMaterijal: plastika<\/p>\n","protected":false},"featured_media":3644,"template":"","meta":[],"product_brand":[34],"product_cat":[21],"product_tag":[77,59,54],"class_list":{"0":"post-3228","1":"product","2":"type-product","3":"status-publish","4":"has-post-thumbnail","6":"product_brand-tork","7":"product_cat-papirna-konfekcija","8":"product_tag-crni","9":"product_tag-dispanzeri","10":"product_tag-dispenzeri-za-ubruse","12":"first","13":"instock","14":"product-type-simple"},"_links":{"self":[{"href":"https:\/\/novisajt.surfmont.com\/hemija\/wp-json\/wp\/v2\/product\/3228","targetHints":{"allow":["GET"]}}],"collection":[{"href":"https:\/\/novisajt.surfmont.com\/hemija\/wp-json\/wp\/v2\/product"}],"about":[{"href":"https:\/\/novisajt.surfmont.com\/hemija\/wp-json\/wp\/v2\/types\/product"}],"wp:featuredmedia":[{"embeddable":true,"href":"https:\/\/novisajt.surfmont.com\/hemija\/wp-json\/wp\/v2\/media\/3644"}],"wp:attachment":[{"href":"https:\/\/novisajt.surfmont.com\/hemija\/wp-json\/wp\/v2\/media?parent=3228"}],"wp:term":[{"taxonomy":"product_brand","embeddable":true,"href":"https:\/\/novisajt.surfmont.com\/hemija\/wp-json\/wp\/v2\/product_brand?post=3228"},{"taxonomy":"product_cat","embeddable":true,"href":"https:\/\/novisajt.surfmont.com\/hemija\/wp-json\/wp\/v2\/product_cat?post=3228"},{"taxonomy":"product_tag","embeddable":true,"href":"https:\/\/novisajt.surfmont.com\/hemija\/wp-json\/wp\/v2\/product_tag?post=3228"}],"curies":[{"name":"wp","href":"https:\/\/api.w.org\/{rel}","templated":true}]}}