{"id":3233,"date":"2026-03-20T13:40:33","date_gmt":"2026-03-20T13:40:33","guid":{"rendered":"https:\/\/novisajt.surfmont.com\/hemija\/product\/tork-stoni-dispenzer-countertop-slaganog-z-ubrusa-h2-punjenje-1202891130289-bijeli\/"},"modified":"2026-04-07T12:44:18","modified_gmt":"2026-04-07T12:44:18","slug":"tork-stoni-dispenzer-countertop-slaganog-z-ubrusa-h2-bijeli","status":"publish","type":"product","link":"https:\/\/novisajt.surfmont.com\/hemija\/product\/tork-stoni-dispenzer-countertop-slaganog-z-ubrusa-h2-bijeli\/","title":{"rendered":"Tork stoni dispenzer &#8220;Countertop&#8221; slaganog Z ubrusa H2 &#8211; bijeli"},"content":{"rendered":"","protected":false},"excerpt":{"rendered":"<p style=\"text-align: center;\">Tork dispenzer za slo\u017eive ubruse prenosivi H2<br \/>\nFunkcionalan, moderan dizajn koji ostavlja trajan utisak na va\u0161e goste. Veli\u010dina idealna za manje prostore ili prostore u kojima nije mogu\u0107a monta\u017ea. Pojedina\u010dno izdavanje listova smanjuje potro\u0161nju papira i koli\u010dinu otpada.<br \/>\nDimenzije: 218x323x116<br \/>\nBoja: bijela<br \/>\nMaterijal: plastika<\/p>\n","protected":false},"featured_media":3684,"template":"","meta":[],"product_brand":[34],"product_cat":[21],"product_tag":[76,59,54],"class_list":{"0":"post-3233","1":"product","2":"type-product","3":"status-publish","4":"has-post-thumbnail","6":"product_brand-tork","7":"product_cat-papirna-konfekcija","8":"product_tag-bijeli","9":"product_tag-dispanzeri","10":"product_tag-dispenzeri-za-ubruse","12":"first","13":"instock","14":"product-type-simple"},"_links":{"self":[{"href":"https:\/\/novisajt.surfmont.com\/hemija\/wp-json\/wp\/v2\/product\/3233","targetHints":{"allow":["GET"]}}],"collection":[{"href":"https:\/\/novisajt.surfmont.com\/hemija\/wp-json\/wp\/v2\/product"}],"about":[{"href":"https:\/\/novisajt.surfmont.com\/hemija\/wp-json\/wp\/v2\/types\/product"}],"wp:featuredmedia":[{"embeddable":true,"href":"https:\/\/novisajt.surfmont.com\/hemija\/wp-json\/wp\/v2\/media\/3684"}],"wp:attachment":[{"href":"https:\/\/novisajt.surfmont.com\/hemija\/wp-json\/wp\/v2\/media?parent=3233"}],"wp:term":[{"taxonomy":"product_brand","embeddable":true,"href":"https:\/\/novisajt.surfmont.com\/hemija\/wp-json\/wp\/v2\/product_brand?post=3233"},{"taxonomy":"product_cat","embeddable":true,"href":"https:\/\/novisajt.surfmont.com\/hemija\/wp-json\/wp\/v2\/product_cat?post=3233"},{"taxonomy":"product_tag","embeddable":true,"href":"https:\/\/novisajt.surfmont.com\/hemija\/wp-json\/wp\/v2\/product_tag?post=3233"}],"curies":[{"name":"wp","href":"https:\/\/api.w.org\/{rel}","templated":true}]}}