{"id":3253,"date":"2026-03-20T13:40:38","date_gmt":"2026-03-20T13:40:38","guid":{"rendered":"https:\/\/novisajt.surfmont.com\/hemija\/product\/tork-smartone-mini-double-dispenzer-toalet-papir-rolne-t9-punjenje-472193-bijeli\/"},"modified":"2026-04-07T12:44:17","modified_gmt":"2026-04-07T12:44:17","slug":"tork-smartone-mini-double-dispenzer-toalet-papir-rolne-t9-bijeli","status":"publish","type":"product","link":"https:\/\/novisajt.surfmont.com\/hemija\/product\/tork-smartone-mini-double-dispenzer-toalet-papir-rolne-t9-bijeli\/","title":{"rendered":"Tork SmartOne mini double dispenzer toalet papir rolne T9 &#8211; bijeli"},"content":{"rendered":"","protected":false},"excerpt":{"rendered":"<p style=\"text-align: center;\">Tork SmartOne mini dispenzer double toalet papir rolne T9<br \/>\nFunkcionalan, moderan dizajn, pogodan za prometne prostore.<br \/>\nSmanjena potro\u0161nja u odnosu na postoje\u0107e sisteme. Obezbje\u0111uje visok stepen higijene.<br \/>\nDimenzije: 398x221x156<br \/>\nMaterijal: plastika<br \/>\nBoja: bijela<\/p>\n","protected":false},"featured_media":3266,"template":"","meta":[],"product_brand":[34],"product_cat":[21],"product_tag":[76,59],"class_list":{"0":"post-3253","1":"product","2":"type-product","3":"status-publish","4":"has-post-thumbnail","6":"product_brand-tork","7":"product_cat-papirna-konfekcija","8":"product_tag-bijeli","9":"product_tag-dispanzeri","11":"first","12":"instock","13":"product-type-simple"},"_links":{"self":[{"href":"https:\/\/novisajt.surfmont.com\/hemija\/wp-json\/wp\/v2\/product\/3253","targetHints":{"allow":["GET"]}}],"collection":[{"href":"https:\/\/novisajt.surfmont.com\/hemija\/wp-json\/wp\/v2\/product"}],"about":[{"href":"https:\/\/novisajt.surfmont.com\/hemija\/wp-json\/wp\/v2\/types\/product"}],"wp:featuredmedia":[{"embeddable":true,"href":"https:\/\/novisajt.surfmont.com\/hemija\/wp-json\/wp\/v2\/media\/3266"}],"wp:attachment":[{"href":"https:\/\/novisajt.surfmont.com\/hemija\/wp-json\/wp\/v2\/media?parent=3253"}],"wp:term":[{"taxonomy":"product_brand","embeddable":true,"href":"https:\/\/novisajt.surfmont.com\/hemija\/wp-json\/wp\/v2\/product_brand?post=3253"},{"taxonomy":"product_cat","embeddable":true,"href":"https:\/\/novisajt.surfmont.com\/hemija\/wp-json\/wp\/v2\/product_cat?post=3253"},{"taxonomy":"product_tag","embeddable":true,"href":"https:\/\/novisajt.surfmont.com\/hemija\/wp-json\/wp\/v2\/product_tag?post=3253"}],"curies":[{"name":"wp","href":"https:\/\/api.w.org\/{rel}","templated":true}]}}