{"id":3620,"date":"2026-03-29T16:30:41","date_gmt":"2026-03-29T16:30:41","guid":{"rendered":"https:\/\/novisajt.surfmont.com\/hemija\/?post_type=product&#038;p=3620"},"modified":"2026-04-06T12:06:14","modified_gmt":"2026-04-06T12:06:14","slug":"tork-mild-sapun-u-pjeni-s4-od-1000ml","status":"publish","type":"product","link":"https:\/\/novisajt.surfmont.com\/hemija\/product\/tork-mild-sapun-u-pjeni-s4-od-1000ml\/","title":{"rendered":"Tork Mild sapun u pjeni S4 od 1000ml"},"content":{"rendered":"","protected":false},"excerpt":{"rendered":"<p style=\"text-align: center;\">Tork sapun u pjeni S4 1.000 ml<br \/>\nBlagi sapun u pjeni prijatnog, osvje\u017eavaju\u0107eg mirisa. Hidrira i njeguje ko\u017eu.<br \/>\nOptimalan za kori\u0161\u0107enje u podru\u010djima gdje se zahtijeva visok stepen higijene. Pogodan za \u010destu primjenu.<br \/>\nSertifikovan EU ECOLABEL- om.<br \/>\nUputstvo za upotrebu: Nanesite jednu dozu na mokre ruke, trljajte 1 minut, isperite \u010distom vodom i osu\u0161ite ubrusom za jednokratnu upotrebu.<br \/>\nBr.doza: 2500<br \/>\nPH vrijednost: 5<\/p>\n","protected":false},"featured_media":3624,"template":"","meta":[],"product_brand":[34],"product_cat":[21],"product_tag":[67],"class_list":{"0":"post-3620","1":"product","2":"type-product","3":"status-publish","4":"has-post-thumbnail","6":"product_brand-tork","7":"product_cat-papirna-konfekcija","8":"product_tag-sapun-u-pjeni","10":"first","11":"instock","12":"shipping-taxable","13":"product-type-simple"},"_links":{"self":[{"href":"https:\/\/novisajt.surfmont.com\/hemija\/wp-json\/wp\/v2\/product\/3620","targetHints":{"allow":["GET"]}}],"collection":[{"href":"https:\/\/novisajt.surfmont.com\/hemija\/wp-json\/wp\/v2\/product"}],"about":[{"href":"https:\/\/novisajt.surfmont.com\/hemija\/wp-json\/wp\/v2\/types\/product"}],"wp:featuredmedia":[{"embeddable":true,"href":"https:\/\/novisajt.surfmont.com\/hemija\/wp-json\/wp\/v2\/media\/3624"}],"wp:attachment":[{"href":"https:\/\/novisajt.surfmont.com\/hemija\/wp-json\/wp\/v2\/media?parent=3620"}],"wp:term":[{"taxonomy":"product_brand","embeddable":true,"href":"https:\/\/novisajt.surfmont.com\/hemija\/wp-json\/wp\/v2\/product_brand?post=3620"},{"taxonomy":"product_cat","embeddable":true,"href":"https:\/\/novisajt.surfmont.com\/hemija\/wp-json\/wp\/v2\/product_cat?post=3620"},{"taxonomy":"product_tag","embeddable":true,"href":"https:\/\/novisajt.surfmont.com\/hemija\/wp-json\/wp\/v2\/product_tag?post=3620"}],"curies":[{"name":"wp","href":"https:\/\/api.w.org\/{rel}","templated":true}]}}