{"id":3768,"date":"2026-04-01T19:30:40","date_gmt":"2026-04-01T19:30:40","guid":{"rendered":"https:\/\/novisajt.surfmont.com\/hemija\/?post_type=product&#038;p=3768"},"modified":"2026-04-01T19:30:40","modified_gmt":"2026-04-01T19:30:40","slug":"tork-xpress-visestruko-presavijeni-rucnik-za-ruke-koji-se-moze-baciti-u-wc-skoljku","status":"publish","type":"product","link":"https:\/\/novisajt.surfmont.com\/hemija\/product\/tork-xpress-visestruko-presavijeni-rucnik-za-ruke-koji-se-moze-baciti-u-wc-skoljku\/","title":{"rendered":"Tork Xpress\u00ae vi\u0161estruko presavijeni ru\u010dnik za ruke koji se mo\u017ee baciti u wc \u0161koljku"},"content":{"rendered":"","protected":false},"excerpt":{"rendered":"<p style=\"text-align: center;\">Tork Xpress\u00ae vi\u0161estruko presavijeni ru\u010dnici za ruke koji se mogu baciti u wc \u0161koljku idealni su za podru\u010dja gdje se mogu baciti u wc \u0161koljku umjesto u ko\u0161 za sme\u0107e. Ti ru\u010dnici prikladni su za Dozator Tork Xpress\u00ae vi\u0161estruko presavijenih ru\u010dnika za ruke. Smanjuju potro\u0161nju i otpad svojim pouzdanim jednostrukim doziranjem, a pru\u017eaju udobnost i higijenu gostima.<\/p>\n","protected":false},"featured_media":3770,"template":"","meta":[],"product_brand":[34],"product_cat":[21],"product_tag":[61],"class_list":{"0":"post-3768","1":"product","2":"type-product","3":"status-publish","4":"has-post-thumbnail","6":"product_brand-tork","7":"product_cat-papirna-konfekcija","8":"product_tag-ubrus","10":"first","11":"instock","12":"shipping-taxable","13":"product-type-simple"},"_links":{"self":[{"href":"https:\/\/novisajt.surfmont.com\/hemija\/wp-json\/wp\/v2\/product\/3768","targetHints":{"allow":["GET"]}}],"collection":[{"href":"https:\/\/novisajt.surfmont.com\/hemija\/wp-json\/wp\/v2\/product"}],"about":[{"href":"https:\/\/novisajt.surfmont.com\/hemija\/wp-json\/wp\/v2\/types\/product"}],"wp:featuredmedia":[{"embeddable":true,"href":"https:\/\/novisajt.surfmont.com\/hemija\/wp-json\/wp\/v2\/media\/3770"}],"wp:attachment":[{"href":"https:\/\/novisajt.surfmont.com\/hemija\/wp-json\/wp\/v2\/media?parent=3768"}],"wp:term":[{"taxonomy":"product_brand","embeddable":true,"href":"https:\/\/novisajt.surfmont.com\/hemija\/wp-json\/wp\/v2\/product_brand?post=3768"},{"taxonomy":"product_cat","embeddable":true,"href":"https:\/\/novisajt.surfmont.com\/hemija\/wp-json\/wp\/v2\/product_cat?post=3768"},{"taxonomy":"product_tag","embeddable":true,"href":"https:\/\/novisajt.surfmont.com\/hemija\/wp-json\/wp\/v2\/product_tag?post=3768"}],"curies":[{"name":"wp","href":"https:\/\/api.w.org\/{rel}","templated":true}]}}