{"id":3789,"date":"2026-04-01T20:09:35","date_gmt":"2026-04-01T20:09:35","guid":{"rendered":"https:\/\/novisajt.surfmont.com\/hemija\/?post_type=product&#038;p=3789"},"modified":"2026-04-07T12:44:17","modified_gmt":"2026-04-07T12:44:17","slug":"tork-mini-dozator-tecnog-sapuna-s2-od-475ml-bijeli","status":"publish","type":"product","link":"https:\/\/novisajt.surfmont.com\/hemija\/product\/tork-mini-dozator-tecnog-sapuna-s2-od-475ml-bijeli\/","title":{"rendered":"Tork mini dozator te\u010dnog sapuna S2 od 475ml &#8211; bijeli"},"content":{"rendered":"","protected":false},"excerpt":{"rendered":"<p style=\"text-align: center;\">Tork Mini dozator te\u010dnog sapuna od 475ml. S2<br \/>\nUklapa se u kupatila bilo koje veli\u010dine i mo\u017ee se koristiti s \u0161irokim rasponom Tork\u00ae proizvoda za njegu ko\u017ee u zatvorenim bocama (S2 Mini). Jednostavno dopunjavanje i odr\u017eavanje \u0161tedi vrijeme.<br \/>\nModernog i funkcionalnog dizajna.<br \/>\nDimenzije: 112x206x114mm<br \/>\nBoja: bijela<br \/>\nMaterijal: plastika<\/p>\n<p style=\"text-align: center;\">\n","protected":false},"featured_media":3791,"template":"","meta":[],"product_brand":[34],"product_cat":[21],"product_tag":[76,55],"class_list":{"0":"post-3789","1":"product","2":"type-product","3":"status-publish","4":"has-post-thumbnail","6":"product_brand-tork","7":"product_cat-papirna-konfekcija","8":"product_tag-bijeli","9":"product_tag-dozatori-za-sapun","11":"first","12":"instock","13":"shipping-taxable","14":"product-type-simple"},"_links":{"self":[{"href":"https:\/\/novisajt.surfmont.com\/hemija\/wp-json\/wp\/v2\/product\/3789","targetHints":{"allow":["GET"]}}],"collection":[{"href":"https:\/\/novisajt.surfmont.com\/hemija\/wp-json\/wp\/v2\/product"}],"about":[{"href":"https:\/\/novisajt.surfmont.com\/hemija\/wp-json\/wp\/v2\/types\/product"}],"wp:featuredmedia":[{"embeddable":true,"href":"https:\/\/novisajt.surfmont.com\/hemija\/wp-json\/wp\/v2\/media\/3791"}],"wp:attachment":[{"href":"https:\/\/novisajt.surfmont.com\/hemija\/wp-json\/wp\/v2\/media?parent=3789"}],"wp:term":[{"taxonomy":"product_brand","embeddable":true,"href":"https:\/\/novisajt.surfmont.com\/hemija\/wp-json\/wp\/v2\/product_brand?post=3789"},{"taxonomy":"product_cat","embeddable":true,"href":"https:\/\/novisajt.surfmont.com\/hemija\/wp-json\/wp\/v2\/product_cat?post=3789"},{"taxonomy":"product_tag","embeddable":true,"href":"https:\/\/novisajt.surfmont.com\/hemija\/wp-json\/wp\/v2\/product_tag?post=3789"}],"curies":[{"name":"wp","href":"https:\/\/api.w.org\/{rel}","templated":true}]}}