{"id":3800,"date":"2026-04-01T20:24:59","date_gmt":"2026-04-01T20:24:59","guid":{"rendered":"https:\/\/novisajt.surfmont.com\/hemija\/?post_type=product&#038;p=3800"},"modified":"2026-04-07T12:44:17","modified_gmt":"2026-04-07T12:44:17","slug":"tork-senzorski-dozator-sapuna-u-pjeni-s4-od-1000ml-bijeli","status":"publish","type":"product","link":"https:\/\/novisajt.surfmont.com\/hemija\/product\/tork-senzorski-dozator-sapuna-u-pjeni-s4-od-1000ml-bijeli\/","title":{"rendered":"Tork senzorski dozator sapuna u pjeni S4 od 1000ml &#8211; bijeli"},"content":{"rendered":"","protected":false},"excerpt":{"rendered":"<p style=\"text-align: center;\">Tork dozator za sapun u pjeni senzorski S4<br \/>\nTork dozator sa senzorom omogu\u0107uva da ostavite dobar utisak na va\u0161e goste i mo\u017ee se koristiti sa \u0161irokim rasponom proizvoda za njegu ko\u017ee u zatvorenim bocama. Kori\u0161\u0107enje bez dodira osigurava dobru higijenu ruku. Ekonomi\u010dan- do 150% vi\u0161e pranja od te\u010dnog sapuna (2500 doza)<br \/>\nJednostavno odr\u017eavanje s LED indikatorom koji pokazuje kada je potrebno ponovno punjenje<br \/>\nDimenzije : 113x 278&#215;130 mm<br \/>\nBoja : bijela<br \/>\nMaterijal: plastika<\/p>\n","protected":false},"featured_media":3802,"template":"","meta":[],"product_brand":[34],"product_cat":[21],"product_tag":[76,55],"class_list":{"0":"post-3800","1":"product","2":"type-product","3":"status-publish","4":"has-post-thumbnail","6":"product_brand-tork","7":"product_cat-papirna-konfekcija","8":"product_tag-bijeli","9":"product_tag-dozatori-za-sapun","11":"first","12":"instock","13":"shipping-taxable","14":"product-type-simple"},"_links":{"self":[{"href":"https:\/\/novisajt.surfmont.com\/hemija\/wp-json\/wp\/v2\/product\/3800","targetHints":{"allow":["GET"]}}],"collection":[{"href":"https:\/\/novisajt.surfmont.com\/hemija\/wp-json\/wp\/v2\/product"}],"about":[{"href":"https:\/\/novisajt.surfmont.com\/hemija\/wp-json\/wp\/v2\/types\/product"}],"wp:featuredmedia":[{"embeddable":true,"href":"https:\/\/novisajt.surfmont.com\/hemija\/wp-json\/wp\/v2\/media\/3802"}],"wp:attachment":[{"href":"https:\/\/novisajt.surfmont.com\/hemija\/wp-json\/wp\/v2\/media?parent=3800"}],"wp:term":[{"taxonomy":"product_brand","embeddable":true,"href":"https:\/\/novisajt.surfmont.com\/hemija\/wp-json\/wp\/v2\/product_brand?post=3800"},{"taxonomy":"product_cat","embeddable":true,"href":"https:\/\/novisajt.surfmont.com\/hemija\/wp-json\/wp\/v2\/product_cat?post=3800"},{"taxonomy":"product_tag","embeddable":true,"href":"https:\/\/novisajt.surfmont.com\/hemija\/wp-json\/wp\/v2\/product_tag?post=3800"}],"curies":[{"name":"wp","href":"https:\/\/api.w.org\/{rel}","templated":true}]}}