{"id":3808,"date":"2026-04-01T20:30:12","date_gmt":"2026-04-01T20:30:12","guid":{"rendered":"https:\/\/novisajt.surfmont.com\/hemija\/?post_type=product&#038;p=3808"},"modified":"2026-04-08T08:37:44","modified_gmt":"2026-04-08T08:37:44","slug":"tork-automatski-osvjezivac-prostora-a1-bijeli","status":"publish","type":"product","link":"https:\/\/novisajt.surfmont.com\/hemija\/product\/tork-automatski-osvjezivac-prostora-a1-bijeli\/","title":{"rendered":"Tork automatski osvje\u017eiva\u010d prostora A1 &#8211; bijeli"},"content":{"rendered":"","protected":false},"excerpt":{"rendered":"<p style=\"text-align: center;\">Tork automatski osvje\u017eiva\u010d prostora za osvje\u017eiva\u010de od 75ml<br \/>\nIdealno se uklapa u kupatila razli\u010dite veli\u010dine i izgleda. Odr\u017eava svje\u017e vazduh 24h dnevno. Brzo ponovno punjenje i dug \u017eivotni vijek baterije obezbje\u0111uje jednostavno odr\u017eavanje.<br \/>\nDimenzije: 174x97x60mm<br \/>\nBoja: bijela<br \/>\nMaterijal: plastika<\/p>\n","protected":false},"featured_media":3810,"template":"","meta":[],"product_brand":[34],"product_cat":[21],"product_tag":[76,68],"class_list":{"0":"post-3808","1":"product","2":"type-product","3":"status-publish","4":"has-post-thumbnail","6":"product_brand-tork","7":"product_cat-papirna-konfekcija","8":"product_tag-bijeli","9":"product_tag-dispenzer-za-osvjezivac","11":"first","12":"instock","13":"shipping-taxable","14":"product-type-simple"},"_links":{"self":[{"href":"https:\/\/novisajt.surfmont.com\/hemija\/wp-json\/wp\/v2\/product\/3808","targetHints":{"allow":["GET"]}}],"collection":[{"href":"https:\/\/novisajt.surfmont.com\/hemija\/wp-json\/wp\/v2\/product"}],"about":[{"href":"https:\/\/novisajt.surfmont.com\/hemija\/wp-json\/wp\/v2\/types\/product"}],"wp:featuredmedia":[{"embeddable":true,"href":"https:\/\/novisajt.surfmont.com\/hemija\/wp-json\/wp\/v2\/media\/3810"}],"wp:attachment":[{"href":"https:\/\/novisajt.surfmont.com\/hemija\/wp-json\/wp\/v2\/media?parent=3808"}],"wp:term":[{"taxonomy":"product_brand","embeddable":true,"href":"https:\/\/novisajt.surfmont.com\/hemija\/wp-json\/wp\/v2\/product_brand?post=3808"},{"taxonomy":"product_cat","embeddable":true,"href":"https:\/\/novisajt.surfmont.com\/hemija\/wp-json\/wp\/v2\/product_cat?post=3808"},{"taxonomy":"product_tag","embeddable":true,"href":"https:\/\/novisajt.surfmont.com\/hemija\/wp-json\/wp\/v2\/product_tag?post=3808"}],"curies":[{"name":"wp","href":"https:\/\/api.w.org\/{rel}","templated":true}]}}