{"id":4002,"date":"2026-04-01T23:43:33","date_gmt":"2026-04-01T23:43:33","guid":{"rendered":"https:\/\/novisajt.surfmont.com\/hemija\/?post_type=product&#038;p=4002"},"modified":"2026-04-08T22:11:05","modified_gmt":"2026-04-08T22:11:05","slug":"katrin-dispenzer-za-osvjezivac-crni","status":"publish","type":"product","link":"https:\/\/novisajt.surfmont.com\/hemija\/product\/katrin-dispenzer-za-osvjezivac-crni\/","title":{"rendered":"Katrin dispenzer za osvje\u017eiva\u010d &#8211; crni"},"content":{"rendered":"","protected":false},"excerpt":{"rendered":"<p>Katrin dispenzer za osvje\u017eiva\u010d<br \/>\nMaterijal: plastika<br \/>\nDimenzije: 71x165x175mm<br \/>\nBoja: crna<br \/>\nPasivni sistem s poja\u010danim prirodnim protokom vazduha. Mo\u017ee se montirati na zid. Nema sigurnosnog klju\u010da za jednostavnu promjenu dopune. Nema baterija.<\/p>\n","protected":false},"featured_media":4003,"template":"","meta":[],"product_brand":[33],"product_cat":[21],"product_tag":[77,68],"class_list":{"0":"post-4002","1":"product","2":"type-product","3":"status-publish","4":"has-post-thumbnail","6":"product_brand-katrin","7":"product_cat-papirna-konfekcija","8":"product_tag-crni","9":"product_tag-dispenzer-za-osvjezivac","11":"first","12":"instock","13":"shipping-taxable","14":"product-type-simple"},"_links":{"self":[{"href":"https:\/\/novisajt.surfmont.com\/hemija\/wp-json\/wp\/v2\/product\/4002","targetHints":{"allow":["GET"]}}],"collection":[{"href":"https:\/\/novisajt.surfmont.com\/hemija\/wp-json\/wp\/v2\/product"}],"about":[{"href":"https:\/\/novisajt.surfmont.com\/hemija\/wp-json\/wp\/v2\/types\/product"}],"wp:featuredmedia":[{"embeddable":true,"href":"https:\/\/novisajt.surfmont.com\/hemija\/wp-json\/wp\/v2\/media\/4003"}],"wp:attachment":[{"href":"https:\/\/novisajt.surfmont.com\/hemija\/wp-json\/wp\/v2\/media?parent=4002"}],"wp:term":[{"taxonomy":"product_brand","embeddable":true,"href":"https:\/\/novisajt.surfmont.com\/hemija\/wp-json\/wp\/v2\/product_brand?post=4002"},{"taxonomy":"product_cat","embeddable":true,"href":"https:\/\/novisajt.surfmont.com\/hemija\/wp-json\/wp\/v2\/product_cat?post=4002"},{"taxonomy":"product_tag","embeddable":true,"href":"https:\/\/novisajt.surfmont.com\/hemija\/wp-json\/wp\/v2\/product_tag?post=4002"}],"curies":[{"name":"wp","href":"https:\/\/api.w.org\/{rel}","templated":true}]}}